{"id":1070,"date":"2022-02-21T15:45:47","date_gmt":"2022-02-21T15:45:47","guid":{"rendered":"https:\/\/scuoladelcentro.com\/metodo\/"},"modified":"2022-04-29T16:10:07","modified_gmt":"2022-04-29T16:10:07","slug":"metodo","status":"publish","type":"page","link":"https:\/\/scuoladelcentro.com\/es\/metodo\/","title":{"rendered":"M\u00e9todo"},"content":{"rendered":"\t\t<div data-elementor-type=\"wp-page\" data-elementor-id=\"1070\" class=\"elementor elementor-1070 elementor-405\" data-elementor-post-type=\"page\">\n\t\t\t\t\t\t<section data-particle_enable=\"false\" data-particle-mobile-disabled=\"false\" class=\"elementor-section elementor-top-section elementor-element elementor-element-732baaf elementor-section-height-min-height elementor-section-boxed elementor-section-height-default elementor-section-items-middle\" data-id=\"732baaf\" data-element_type=\"section\" data-e-type=\"section\" data-settings=\"{&quot;background_background&quot;:&quot;classic&quot;}\">\n\t\t\t\t\t\t\t<div class=\"elementor-background-overlay\"><\/div>\n\t\t\t\t\t\t\t<div class=\"elementor-container elementor-column-gap-default\">\n\t\t\t\t\t<div class=\"elementor-column elementor-col-100 elementor-top-column elementor-element elementor-element-0d07f8a\" data-id=\"0d07f8a\" data-element_type=\"column\" data-e-type=\"column\">\n\t\t\t<div class=\"elementor-widget-wrap elementor-element-populated\">\n\t\t\t\t\t\t<div class=\"elementor-element elementor-element-9daec54 elementor-invisible elementor-widget elementor-widget-heading\" data-id=\"9daec54\" data-element_type=\"widget\" data-e-type=\"widget\" data-settings=\"{&quot;_animation&quot;:&quot;fadeIn&quot;,&quot;_animation_delay&quot;:300}\" data-widget_type=\"heading.default\">\n\t\t\t\t<div class=\"elementor-widget-container\">\n\t\t\t\t\t<h1 class=\"elementor-heading-title elementor-size-default\">M\u00e9todo<\/h1>\t\t\t\t<\/div>\n\t\t\t\t<\/div>\n\t\t\t\t\t<\/div>\n\t\t<\/div>\n\t\t\t\t\t<\/div>\n\t\t<\/section>\n\t\t\t\t<section data-particle_enable=\"false\" data-particle-mobile-disabled=\"false\" class=\"elementor-section elementor-top-section elementor-element elementor-element-4c6f0bb elementor-section-full_width elementor-reverse-mobile elementor-section-height-default elementor-section-height-default\" data-id=\"4c6f0bb\" data-element_type=\"section\" data-e-type=\"section\">\n\t\t\t\t\t\t<div class=\"elementor-container elementor-column-gap-no\">\n\t\t\t\t\t<div class=\"elementor-column elementor-col-25 elementor-top-column elementor-element elementor-element-e1a0bd7\" data-id=\"e1a0bd7\" data-element_type=\"column\" data-e-type=\"column\">\n\t\t\t<div class=\"elementor-widget-wrap\">\n\t\t\t\t\t\t\t<\/div>\n\t\t<\/div>\n\t\t\t\t<div class=\"elementor-column elementor-col-25 elementor-top-column elementor-element elementor-element-2197e48\" data-id=\"2197e48\" data-element_type=\"column\" data-e-type=\"column\">\n\t\t\t<div class=\"elementor-widget-wrap elementor-element-populated\">\n\t\t\t\t\t\t<div class=\"elementor-element elementor-element-99944a0 elementor-widget elementor-widget-heading\" data-id=\"99944a0\" data-element_type=\"widget\" data-e-type=\"widget\" data-widget_type=\"heading.default\">\n\t\t\t\t<div class=\"elementor-widget-container\">\n\t\t\t\t\t<h2 class=\"elementor-heading-title elementor-size-default\">Centrado en el estudiante<\/h2>\t\t\t\t<\/div>\n\t\t\t\t<\/div>\n\t\t\t\t<div class=\"elementor-element elementor-element-461bbba elementor-widget elementor-widget-text-editor\" data-id=\"461bbba\" data-element_type=\"widget\" data-e-type=\"widget\" data-widget_type=\"text-editor.default\">\n\t\t\t\t<div class=\"elementor-widget-container\">\n\t\t\t\t\t\t\t\t\tLa Scuola del Centro sit\u00faa al alumno, desde un punto de vista geogr\u00e1fico, en el centro de Italia (Rieti es \u00abUmbilicus Italiae\u00bb). Asimismo, desde una perspectiva humanista-afectiva, el enfoque comunicativo adoptado en los cursos sit\u00faa al alumno en el centro de su proceso de aprendizaje.\t\t\t\t\t\t\t\t<\/div>\n\t\t\t\t<\/div>\n\t\t\t\t\t<\/div>\n\t\t<\/div>\n\t\t\t\t<div class=\"elementor-column elementor-col-25 elementor-top-column elementor-element elementor-element-15ae709\" data-id=\"15ae709\" data-element_type=\"column\" data-e-type=\"column\">\n\t\t\t<div class=\"elementor-widget-wrap\">\n\t\t\t\t\t\t\t<\/div>\n\t\t<\/div>\n\t\t\t\t<div class=\"elementor-column elementor-col-25 elementor-top-column elementor-element elementor-element-d2909a2\" data-id=\"d2909a2\" data-element_type=\"column\" data-e-type=\"column\">\n\t\t\t<div class=\"elementor-widget-wrap elementor-element-populated\">\n\t\t\t\t\t\t<div class=\"elementor-element elementor-element-9eb4390 elementor-widget elementor-widget-image\" data-id=\"9eb4390\" data-element_type=\"widget\" data-e-type=\"widget\" data-widget_type=\"image.default\">\n\t\t\t\t<div class=\"elementor-widget-container\">\n\t\t\t\t\t\t\t\t\t\t\t\t\t\t\t<img fetchpriority=\"high\" decoding=\"async\" width=\"2000\" height=\"1333\" src=\"https:\/\/scuoladelcentro.com\/wp-content\/uploads\/2022\/02\/students-are-explaining-about-assignments-related-to-student-.jpg\" class=\"attachment-full size-full wp-image-1044\" alt=\"\" srcset=\"https:\/\/scuoladelcentro.com\/wp-content\/uploads\/2022\/02\/students-are-explaining-about-assignments-related-to-student-.jpg 2000w, https:\/\/scuoladelcentro.com\/wp-content\/uploads\/2022\/02\/students-are-explaining-about-assignments-related-to-student--300x200.jpg 300w, https:\/\/scuoladelcentro.com\/wp-content\/uploads\/2022\/02\/students-are-explaining-about-assignments-related-to-student--1024x682.jpg 1024w, https:\/\/scuoladelcentro.com\/wp-content\/uploads\/2022\/02\/students-are-explaining-about-assignments-related-to-student--768x512.jpg 768w, https:\/\/scuoladelcentro.com\/wp-content\/uploads\/2022\/02\/students-are-explaining-about-assignments-related-to-student--1536x1024.jpg 1536w\" sizes=\"(max-width: 2000px) 100vw, 2000px\" \/>\t\t\t\t\t\t\t\t\t\t\t\t\t\t\t<\/div>\n\t\t\t\t<\/div>\n\t\t\t\t\t<\/div>\n\t\t<\/div>\n\t\t\t\t\t<\/div>\n\t\t<\/section>\n\t\t\t\t<section data-particle_enable=\"false\" data-particle-mobile-disabled=\"false\" class=\"elementor-section elementor-top-section elementor-element elementor-element-c3742d9 elementor-section-full_width elementor-section-height-default elementor-section-height-default\" data-id=\"c3742d9\" data-element_type=\"section\" data-e-type=\"section\">\n\t\t\t\t\t\t<div class=\"elementor-container elementor-column-gap-no\">\n\t\t\t\t\t<div class=\"elementor-column elementor-col-25 elementor-top-column elementor-element elementor-element-78ae34d\" data-id=\"78ae34d\" data-element_type=\"column\" data-e-type=\"column\">\n\t\t\t<div class=\"elementor-widget-wrap elementor-element-populated\">\n\t\t\t\t\t\t<div class=\"elementor-element elementor-element-7e43610 elementor-widget elementor-widget-image\" data-id=\"7e43610\" data-element_type=\"widget\" data-e-type=\"widget\" data-widget_type=\"image.default\">\n\t\t\t\t<div class=\"elementor-widget-container\">\n\t\t\t\t\t\t\t\t\t\t\t\t\t\t\t<img decoding=\"async\" width=\"2000\" height=\"1333\" src=\"https:\/\/scuoladelcentro.com\/wp-content\/uploads\/2022\/02\/interview-in-office.jpg\" class=\"attachment-full size-full wp-image-1045\" alt=\"\" srcset=\"https:\/\/scuoladelcentro.com\/wp-content\/uploads\/2022\/02\/interview-in-office.jpg 2000w, https:\/\/scuoladelcentro.com\/wp-content\/uploads\/2022\/02\/interview-in-office-300x200.jpg 300w, https:\/\/scuoladelcentro.com\/wp-content\/uploads\/2022\/02\/interview-in-office-1024x682.jpg 1024w, https:\/\/scuoladelcentro.com\/wp-content\/uploads\/2022\/02\/interview-in-office-768x512.jpg 768w, https:\/\/scuoladelcentro.com\/wp-content\/uploads\/2022\/02\/interview-in-office-1536x1024.jpg 1536w\" sizes=\"(max-width: 2000px) 100vw, 2000px\" \/>\t\t\t\t\t\t\t\t\t\t\t\t\t\t\t<\/div>\n\t\t\t\t<\/div>\n\t\t\t\t\t<\/div>\n\t\t<\/div>\n\t\t\t\t<div class=\"elementor-column elementor-col-25 elementor-top-column elementor-element elementor-element-371eb07\" data-id=\"371eb07\" data-element_type=\"column\" data-e-type=\"column\">\n\t\t\t<div class=\"elementor-widget-wrap\">\n\t\t\t\t\t\t\t<\/div>\n\t\t<\/div>\n\t\t\t\t<div class=\"elementor-column elementor-col-25 elementor-top-column elementor-element elementor-element-46b335a\" data-id=\"46b335a\" data-element_type=\"column\" data-e-type=\"column\">\n\t\t\t<div class=\"elementor-widget-wrap elementor-element-populated\">\n\t\t\t\t\t\t<div class=\"elementor-element elementor-element-04968ce elementor-widget elementor-widget-heading\" data-id=\"04968ce\" data-element_type=\"widget\" data-e-type=\"widget\" data-widget_type=\"heading.default\">\n\t\t\t\t<div class=\"elementor-widget-container\">\n\t\t\t\t\t<h2 class=\"elementor-heading-title elementor-size-default\">Contenidos<\/h2>\t\t\t\t<\/div>\n\t\t\t\t<\/div>\n\t\t\t\t<div class=\"elementor-element elementor-element-9515eda elementor-widget elementor-widget-text-editor\" data-id=\"9515eda\" data-element_type=\"widget\" data-e-type=\"widget\" data-widget_type=\"text-editor.default\">\n\t\t\t\t<div class=\"elementor-widget-container\">\n\t\t\t\t\t\t\t\t\t<p>Los contenidos y las actividades de aprendizaje se seleccionan teniendo en cuenta las expectativas, las motivaciones y las necesidades de aprendizaje indicadas por cada alumno.<\/p><p>Estos aspectos quedan plasmados inicialmente en la presentaci\u00f3n que debe rellenarse en l\u00ednea, y luego en clase durante la entrevista cognitiva que servir\u00e1 para determinar el nivel inicial.<\/p>\t\t\t\t\t\t\t\t<\/div>\n\t\t\t\t<\/div>\n\t\t\t\t\t<\/div>\n\t\t<\/div>\n\t\t\t\t<div class=\"elementor-column elementor-col-25 elementor-top-column elementor-element elementor-element-8608382\" data-id=\"8608382\" data-element_type=\"column\" data-e-type=\"column\">\n\t\t\t<div class=\"elementor-widget-wrap\">\n\t\t\t\t\t\t\t<\/div>\n\t\t<\/div>\n\t\t\t\t\t<\/div>\n\t\t<\/section>\n\t\t\t\t<section data-particle_enable=\"false\" data-particle-mobile-disabled=\"false\" class=\"elementor-section elementor-top-section elementor-element elementor-element-7c17220 elementor-section-full_width elementor-reverse-mobile elementor-section-height-default elementor-section-height-default\" data-id=\"7c17220\" data-element_type=\"section\" data-e-type=\"section\">\n\t\t\t\t\t\t<div class=\"elementor-container elementor-column-gap-no\">\n\t\t\t\t\t<div class=\"elementor-column elementor-col-25 elementor-top-column elementor-element elementor-element-2d5a385\" data-id=\"2d5a385\" data-element_type=\"column\" data-e-type=\"column\">\n\t\t\t<div class=\"elementor-widget-wrap\">\n\t\t\t\t\t\t\t<\/div>\n\t\t<\/div>\n\t\t\t\t<div class=\"elementor-column elementor-col-25 elementor-top-column elementor-element elementor-element-52f7b80\" data-id=\"52f7b80\" data-element_type=\"column\" data-e-type=\"column\">\n\t\t\t<div class=\"elementor-widget-wrap elementor-element-populated\">\n\t\t\t\t\t\t<div class=\"elementor-element elementor-element-28e9eca elementor-widget elementor-widget-heading\" data-id=\"28e9eca\" data-element_type=\"widget\" data-e-type=\"widget\" data-widget_type=\"heading.default\">\n\t\t\t\t<div class=\"elementor-widget-container\">\n\t\t\t\t\t<h2 class=\"elementor-heading-title elementor-size-default\">Did\u00e1ctica<\/h2>\t\t\t\t<\/div>\n\t\t\t\t<\/div>\n\t\t\t\t<div class=\"elementor-element elementor-element-18df26c elementor-widget elementor-widget-text-editor\" data-id=\"18df26c\" data-element_type=\"widget\" data-e-type=\"widget\" data-widget_type=\"text-editor.default\">\n\t\t\t\t<div class=\"elementor-widget-container\">\n\t\t\t\t\t\t\t\t\t<p>Podr\u00e1s experimentar una inmersi\u00f3n total en el idioma, en contextos comunicativos lo m\u00e1s aut\u00e9nticos posible y en situaciones cotidianas a trav\u00e9s de usos reales.<\/p><p>La ense\u00f1anza tiene como objetivo lograr la correcci\u00f3n formal y el uso del lenguaje adecuado, guiando al alumno a reflexionar sobre todos los aspectos de la lengua (l\u00e9xico, morfosintaxis, fonolog\u00eda, sociopragm\u00e1tica) en un entorno de aprendizaje estimulante e interactivo.<\/p><p>El nivel de conocimiento del idioma se determina siguiendo el MCER (Marco Com\u00fan Europeo de Referencia para las lenguas).<\/p>\t\t\t\t\t\t\t\t<\/div>\n\t\t\t\t<\/div>\n\t\t\t\t\t<\/div>\n\t\t<\/div>\n\t\t\t\t<div class=\"elementor-column elementor-col-25 elementor-top-column elementor-element elementor-element-83bab76\" data-id=\"83bab76\" data-element_type=\"column\" data-e-type=\"column\">\n\t\t\t<div class=\"elementor-widget-wrap\">\n\t\t\t\t\t\t\t<\/div>\n\t\t<\/div>\n\t\t\t\t<div class=\"elementor-column elementor-col-25 elementor-top-column elementor-element elementor-element-da1bec8\" data-id=\"da1bec8\" data-element_type=\"column\" data-e-type=\"column\">\n\t\t\t<div class=\"elementor-widget-wrap elementor-element-populated\">\n\t\t\t\t\t\t<div class=\"elementor-element elementor-element-bacd1fc elementor-widget elementor-widget-image\" data-id=\"bacd1fc\" data-element_type=\"widget\" data-e-type=\"widget\" data-widget_type=\"image.default\">\n\t\t\t\t<div class=\"elementor-widget-container\">\n\t\t\t\t\t\t\t\t\t\t\t\t\t\t\t<img decoding=\"async\" width=\"2000\" height=\"1331\" src=\"https:\/\/scuoladelcentro.com\/wp-content\/uploads\/2022\/02\/teacher-stands-at-the-blackboard-and-erasing-washing-chalkboard-in-front-of-classroom.jpg\" class=\"attachment-full size-full wp-image-1051\" alt=\"\" srcset=\"https:\/\/scuoladelcentro.com\/wp-content\/uploads\/2022\/02\/teacher-stands-at-the-blackboard-and-erasing-washing-chalkboard-in-front-of-classroom.jpg 2000w, https:\/\/scuoladelcentro.com\/wp-content\/uploads\/2022\/02\/teacher-stands-at-the-blackboard-and-erasing-washing-chalkboard-in-front-of-classroom-300x200.jpg 300w, https:\/\/scuoladelcentro.com\/wp-content\/uploads\/2022\/02\/teacher-stands-at-the-blackboard-and-erasing-washing-chalkboard-in-front-of-classroom-1024x681.jpg 1024w, https:\/\/scuoladelcentro.com\/wp-content\/uploads\/2022\/02\/teacher-stands-at-the-blackboard-and-erasing-washing-chalkboard-in-front-of-classroom-768x511.jpg 768w, https:\/\/scuoladelcentro.com\/wp-content\/uploads\/2022\/02\/teacher-stands-at-the-blackboard-and-erasing-washing-chalkboard-in-front-of-classroom-1536x1022.jpg 1536w\" sizes=\"(max-width: 2000px) 100vw, 2000px\" \/>\t\t\t\t\t\t\t\t\t\t\t\t\t\t\t<\/div>\n\t\t\t\t<\/div>\n\t\t\t\t\t<\/div>\n\t\t<\/div>\n\t\t\t\t\t<\/div>\n\t\t<\/section>\n\t\t\t\t<section data-particle_enable=\"false\" data-particle-mobile-disabled=\"false\" class=\"elementor-section elementor-top-section elementor-element elementor-element-0de0f12 elementor-section-full_width elementor-section-height-default elementor-section-height-default\" data-id=\"0de0f12\" data-element_type=\"section\" data-e-type=\"section\">\n\t\t\t\t\t\t<div class=\"elementor-container elementor-column-gap-no\">\n\t\t\t\t\t<div class=\"elementor-column elementor-col-25 elementor-top-column elementor-element elementor-element-1011da0\" data-id=\"1011da0\" data-element_type=\"column\" data-e-type=\"column\">\n\t\t\t<div class=\"elementor-widget-wrap elementor-element-populated\">\n\t\t\t\t\t\t<div class=\"elementor-element elementor-element-4a9242a elementor-widget elementor-widget-image\" data-id=\"4a9242a\" data-element_type=\"widget\" data-e-type=\"widget\" data-widget_type=\"image.default\">\n\t\t\t\t<div class=\"elementor-widget-container\">\n\t\t\t\t\t\t\t\t\t\t\t\t\t\t\t<img loading=\"lazy\" decoding=\"async\" width=\"2000\" height=\"1333\" src=\"https:\/\/scuoladelcentro.com\/wp-content\/uploads\/2022\/02\/male-teacher-sitting-at-laptop-checking-grammar-test.jpg\" class=\"attachment-full size-full wp-image-1053\" alt=\"\" srcset=\"https:\/\/scuoladelcentro.com\/wp-content\/uploads\/2022\/02\/male-teacher-sitting-at-laptop-checking-grammar-test.jpg 2000w, https:\/\/scuoladelcentro.com\/wp-content\/uploads\/2022\/02\/male-teacher-sitting-at-laptop-checking-grammar-test-300x200.jpg 300w, https:\/\/scuoladelcentro.com\/wp-content\/uploads\/2022\/02\/male-teacher-sitting-at-laptop-checking-grammar-test-1024x682.jpg 1024w, https:\/\/scuoladelcentro.com\/wp-content\/uploads\/2022\/02\/male-teacher-sitting-at-laptop-checking-grammar-test-768x512.jpg 768w, https:\/\/scuoladelcentro.com\/wp-content\/uploads\/2022\/02\/male-teacher-sitting-at-laptop-checking-grammar-test-1536x1024.jpg 1536w\" sizes=\"(max-width: 2000px) 100vw, 2000px\" \/>\t\t\t\t\t\t\t\t\t\t\t\t\t\t\t<\/div>\n\t\t\t\t<\/div>\n\t\t\t\t\t<\/div>\n\t\t<\/div>\n\t\t\t\t<div class=\"elementor-column elementor-col-25 elementor-top-column elementor-element elementor-element-2b5f1ee\" data-id=\"2b5f1ee\" data-element_type=\"column\" data-e-type=\"column\">\n\t\t\t<div class=\"elementor-widget-wrap\">\n\t\t\t\t\t\t\t<\/div>\n\t\t<\/div>\n\t\t\t\t<div class=\"elementor-column elementor-col-25 elementor-top-column elementor-element elementor-element-cce3eb5\" data-id=\"cce3eb5\" data-element_type=\"column\" data-e-type=\"column\">\n\t\t\t<div class=\"elementor-widget-wrap elementor-element-populated\">\n\t\t\t\t\t\t<div class=\"elementor-element elementor-element-997c02f elementor-widget elementor-widget-heading\" data-id=\"997c02f\" data-element_type=\"widget\" data-e-type=\"widget\" data-widget_type=\"heading.default\">\n\t\t\t\t<div class=\"elementor-widget-container\">\n\t\t\t\t\t<h2 class=\"elementor-heading-title elementor-size-default\">Material did\u00e1ctico<\/h2>\t\t\t\t<\/div>\n\t\t\t\t<\/div>\n\t\t\t\t<div class=\"elementor-element elementor-element-b80c53d elementor-widget elementor-widget-text-editor\" data-id=\"b80c53d\" data-element_type=\"widget\" data-e-type=\"widget\" data-widget_type=\"text-editor.default\">\n\t\t\t\t<div class=\"elementor-widget-container\">\n\t\t\t\t\t\t\t\t\t<p>El uso de las nuevas tecnolog\u00edas va acompa\u00f1ado de una amplia variedad de materiales adoptados y\/o dise\u00f1ados en funci\u00f3n del perfil de los alumnos (nivel de competencia ling\u00fc\u00edstica, estilos cognitivos y estrategias de aprendizaje).<\/p><p>Cada alumno dispone de una tableta para utilizarla durante las clases, con el objetivo de integrar el material proporcionado por los libros de texto, pero tambi\u00e9n para realizar investigaciones ling\u00fc\u00edsticas relacionadas con los temas abordados durante las clases.<\/p>\t\t\t\t\t\t\t\t<\/div>\n\t\t\t\t<\/div>\n\t\t\t\t\t<\/div>\n\t\t<\/div>\n\t\t\t\t<div class=\"elementor-column elementor-col-25 elementor-top-column elementor-element elementor-element-ca11f3d\" data-id=\"ca11f3d\" data-element_type=\"column\" data-e-type=\"column\">\n\t\t\t<div class=\"elementor-widget-wrap\">\n\t\t\t\t\t\t\t<\/div>\n\t\t<\/div>\n\t\t\t\t\t<\/div>\n\t\t<\/section>\n\t\t\t\t<section data-particle_enable=\"false\" data-particle-mobile-disabled=\"false\" class=\"elementor-section elementor-top-section elementor-element elementor-element-a0b5c5e elementor-section-full_width elementor-reverse-mobile elementor-section-height-default elementor-section-height-default\" data-id=\"a0b5c5e\" data-element_type=\"section\" data-e-type=\"section\">\n\t\t\t\t\t\t<div class=\"elementor-container elementor-column-gap-no\">\n\t\t\t\t\t<div class=\"elementor-column elementor-col-25 elementor-top-column elementor-element elementor-element-038b087\" data-id=\"038b087\" data-element_type=\"column\" data-e-type=\"column\">\n\t\t\t<div class=\"elementor-widget-wrap\">\n\t\t\t\t\t\t\t<\/div>\n\t\t<\/div>\n\t\t\t\t<div class=\"elementor-column elementor-col-25 elementor-top-column elementor-element elementor-element-ccc5b0d\" data-id=\"ccc5b0d\" data-element_type=\"column\" data-e-type=\"column\">\n\t\t\t<div class=\"elementor-widget-wrap elementor-element-populated\">\n\t\t\t\t\t\t<div class=\"elementor-element elementor-element-95aa52b elementor-widget elementor-widget-heading\" data-id=\"95aa52b\" data-element_type=\"widget\" data-e-type=\"widget\" data-widget_type=\"heading.default\">\n\t\t\t\t<div class=\"elementor-widget-container\">\n\t\t\t\t\t<h2 class=\"elementor-heading-title elementor-size-default\">Certificaciones<\/h2>\t\t\t\t<\/div>\n\t\t\t\t<\/div>\n\t\t\t\t<div class=\"elementor-element elementor-element-b6349bd elementor-widget elementor-widget-text-editor\" data-id=\"b6349bd\" data-element_type=\"widget\" data-e-type=\"widget\" data-widget_type=\"text-editor.default\">\n\t\t\t\t<div class=\"elementor-widget-container\">\n\t\t\t\t\t\t\t\t\tAl final del curso cada alumno recibir\u00e1 un certificado de asistencia en el que se indicar\u00e1 el n\u00famero de horas cursadas y el nivel alcanzado.\t\t\t\t\t\t\t\t<\/div>\n\t\t\t\t<\/div>\n\t\t\t\t\t<\/div>\n\t\t<\/div>\n\t\t\t\t<div class=\"elementor-column elementor-col-25 elementor-top-column elementor-element elementor-element-bddef13\" data-id=\"bddef13\" data-element_type=\"column\" data-e-type=\"column\">\n\t\t\t<div class=\"elementor-widget-wrap\">\n\t\t\t\t\t\t\t<\/div>\n\t\t<\/div>\n\t\t\t\t<div class=\"elementor-column elementor-col-25 elementor-top-column elementor-element elementor-element-c34f439\" data-id=\"c34f439\" data-element_type=\"column\" data-e-type=\"column\">\n\t\t\t<div class=\"elementor-widget-wrap elementor-element-populated\">\n\t\t\t\t\t\t<div class=\"elementor-element elementor-element-989d95c elementor-widget elementor-widget-image\" data-id=\"989d95c\" data-element_type=\"widget\" data-e-type=\"widget\" data-widget_type=\"image.default\">\n\t\t\t\t<div class=\"elementor-widget-container\">\n\t\t\t\t\t\t\t\t\t\t\t\t\t\t\t<img loading=\"lazy\" decoding=\"async\" width=\"2000\" height=\"1333\" src=\"https:\/\/scuoladelcentro.com\/wp-content\/uploads\/2022\/02\/breakup-marriage-couple-with-divorce-certification.jpg\" class=\"attachment-full size-full wp-image-1054\" alt=\"\" srcset=\"https:\/\/scuoladelcentro.com\/wp-content\/uploads\/2022\/02\/breakup-marriage-couple-with-divorce-certification.jpg 2000w, https:\/\/scuoladelcentro.com\/wp-content\/uploads\/2022\/02\/breakup-marriage-couple-with-divorce-certification-300x200.jpg 300w, https:\/\/scuoladelcentro.com\/wp-content\/uploads\/2022\/02\/breakup-marriage-couple-with-divorce-certification-1024x682.jpg 1024w, https:\/\/scuoladelcentro.com\/wp-content\/uploads\/2022\/02\/breakup-marriage-couple-with-divorce-certification-768x512.jpg 768w, https:\/\/scuoladelcentro.com\/wp-content\/uploads\/2022\/02\/breakup-marriage-couple-with-divorce-certification-1536x1024.jpg 1536w\" sizes=\"(max-width: 2000px) 100vw, 2000px\" \/>\t\t\t\t\t\t\t\t\t\t\t\t\t\t\t<\/div>\n\t\t\t\t<\/div>\n\t\t\t\t\t<\/div>\n\t\t<\/div>\n\t\t\t\t\t<\/div>\n\t\t<\/section>\n\t\t\t\t<\/div>\n\t\t","protected":false},"excerpt":{"rendered":"<p>M\u00e9todo Centrado en el estudiante La Scuola del Centro sit\u00faa al alumno, desde un punto de vista geogr\u00e1fico, en el centro de Italia (Rieti es \u00abUmbilicus Italiae\u00bb). Asimismo, desde una perspectiva humanista-afectiva, el enfoque comunicativo adoptado en los cursos sit\u00faa al alumno en el centro de su proceso de aprendizaje. Contenidos Los contenidos y las [&hellip;]<\/p>\n","protected":false},"author":1,"featured_media":0,"parent":0,"menu_order":0,"comment_status":"closed","ping_status":"closed","template":"","meta":{"_acf_changed":false,"_seopress_robots_primary_cat":"","_seopress_titles_title":"","_seopress_titles_desc":"","_seopress_robots_index":"","footnotes":""},"class_list":["post-1070","page","type-page","status-publish","hentry"],"acf":[],"_links":{"self":[{"href":"https:\/\/scuoladelcentro.com\/es\/wp-json\/wp\/v2\/pages\/1070","targetHints":{"allow":["GET"]}}],"collection":[{"href":"https:\/\/scuoladelcentro.com\/es\/wp-json\/wp\/v2\/pages"}],"about":[{"href":"https:\/\/scuoladelcentro.com\/es\/wp-json\/wp\/v2\/types\/page"}],"author":[{"embeddable":true,"href":"https:\/\/scuoladelcentro.com\/es\/wp-json\/wp\/v2\/users\/1"}],"replies":[{"embeddable":true,"href":"https:\/\/scuoladelcentro.com\/es\/wp-json\/wp\/v2\/comments?post=1070"}],"version-history":[{"count":0,"href":"https:\/\/scuoladelcentro.com\/es\/wp-json\/wp\/v2\/pages\/1070\/revisions"}],"wp:attachment":[{"href":"https:\/\/scuoladelcentro.com\/es\/wp-json\/wp\/v2\/media?parent=1070"}],"curies":[{"name":"wp","href":"https:\/\/api.w.org\/{rel}","templated":true}]}}