{"id":1075,"date":"2022-02-22T11:08:46","date_gmt":"2022-02-22T11:08:46","guid":{"rendered":"https:\/\/scuoladelcentro.com\/cursos\/"},"modified":"2022-04-29T13:48:13","modified_gmt":"2022-04-29T13:48:13","slug":"cursos","status":"publish","type":"page","link":"https:\/\/scuoladelcentro.com\/es\/cursos\/","title":{"rendered":"Cursos"},"content":{"rendered":"\t\t<div data-elementor-type=\"wp-page\" data-elementor-id=\"1075\" class=\"elementor elementor-1075 elementor-496\" data-elementor-post-type=\"page\">\n\t\t\t\t\t\t<section data-particle_enable=\"false\" data-particle-mobile-disabled=\"false\" class=\"elementor-section elementor-top-section elementor-element elementor-element-99c75be elementor-section-height-min-height elementor-section-boxed elementor-section-height-default elementor-section-items-middle\" data-id=\"99c75be\" data-element_type=\"section\" data-e-type=\"section\" data-settings=\"{&quot;background_background&quot;:&quot;classic&quot;}\">\n\t\t\t\t\t\t\t<div class=\"elementor-background-overlay\"><\/div>\n\t\t\t\t\t\t\t<div class=\"elementor-container elementor-column-gap-default\">\n\t\t\t\t\t<div class=\"elementor-column elementor-col-100 elementor-top-column elementor-element elementor-element-d9c0190\" data-id=\"d9c0190\" data-element_type=\"column\" data-e-type=\"column\">\n\t\t\t<div class=\"elementor-widget-wrap elementor-element-populated\">\n\t\t\t\t\t\t<div class=\"elementor-element elementor-element-cf09651 elementor-invisible elementor-widget elementor-widget-heading\" data-id=\"cf09651\" data-element_type=\"widget\" data-e-type=\"widget\" data-settings=\"{&quot;_animation&quot;:&quot;fadeIn&quot;,&quot;_animation_delay&quot;:300}\" data-widget_type=\"heading.default\">\n\t\t\t\t<div class=\"elementor-widget-container\">\n\t\t\t\t\t<h1 class=\"elementor-heading-title elementor-size-default\">Cursos<\/h1>\t\t\t\t<\/div>\n\t\t\t\t<\/div>\n\t\t\t\t\t<\/div>\n\t\t<\/div>\n\t\t\t\t\t<\/div>\n\t\t<\/section>\n\t\t\t\t<section data-particle_enable=\"false\" data-particle-mobile-disabled=\"false\" class=\"elementor-section elementor-top-section elementor-element elementor-element-a60629b elementor-section-full_width elementor-reverse-mobile elementor-section-height-default elementor-section-height-default\" data-id=\"a60629b\" data-element_type=\"section\" data-e-type=\"section\">\n\t\t\t\t\t\t<div class=\"elementor-container elementor-column-gap-no\">\n\t\t\t\t\t<div class=\"elementor-column elementor-col-25 elementor-top-column elementor-element elementor-element-f273b7f\" data-id=\"f273b7f\" data-element_type=\"column\" data-e-type=\"column\">\n\t\t\t<div class=\"elementor-widget-wrap\">\n\t\t\t\t\t\t\t<\/div>\n\t\t<\/div>\n\t\t\t\t<div class=\"elementor-column elementor-col-25 elementor-top-column elementor-element elementor-element-cc5d4d3\" data-id=\"cc5d4d3\" data-element_type=\"column\" data-e-type=\"column\">\n\t\t\t<div class=\"elementor-widget-wrap elementor-element-populated\">\n\t\t\t\t\t\t<div class=\"elementor-element elementor-element-ba3e223 elementor-widget elementor-widget-text-editor\" data-id=\"ba3e223\" data-element_type=\"widget\" data-e-type=\"widget\" data-widget_type=\"text-editor.default\">\n\t\t\t\t<div class=\"elementor-widget-container\">\n\t\t\t\t\t\t\t\t\tLos cursos incluyen una evaluaci\u00f3n inicial y final para los estudiantes.\r\n\r\nLa entrevista inicial permite dividir a los alumnos en las distintas clases de acuerdo con sus habilidades y conocimientos iniciales de italiano.\r\n\r\nLa escuela tambi\u00e9n ofrece un servicio de asesoramiento ling\u00fc\u00edstico para quienes lo soliciten. Tambi\u00e9n es posible organizar clases personalizadas de conversaci\u00f3n en italiano con profesores nativos.\r\n\r\nCada semestre la escuela ofrece cursos de 100 horas de lengua y cultura italiana, que incluyen la preparaci\u00f3n y la simulaci\u00f3n para los ex\u00e1menes CILS.\r\n\r\nLas 100 horas del curso se dividen de la siguiente manera:\r\n80 horas de clases presenciales tradicionales + 20 horas de laboratorio de idioma.\r\n\r\nAl final de cada curso, cada alumno recibir\u00e1 un certificado expedido por la escuela en el que constar\u00e1 el n\u00famero de horas cursadas y el nivel alcanzado.\r\n\r\n&nbsp;\r\n<ul>\r\n \t<li>CURSO EST\u00c1NDAR (GRUPO CON M\u00c1X. DE 8 ALUMNOS):\r\n100 HORAS EN 6 MESES, 4 HORAS A LA SEMANA<\/li>\r\n<\/ul>\r\n&nbsp;\r\n<ul>\r\n \t<li>CURSO INDIVIDUAL O SEMIINDIVIDUAL;<\/li>\r\n<\/ul>\r\n&nbsp;\r\n<ul>\r\n \t<li>CURSO DE PREPARACI\u00d3N PARA EL EXAMEN CELI B1 DE CIUDADAN\u00cdA Y TODOS LOS NIVELES, SIMULACI\u00d3N DEL EXAMEN ESCRITO Y ORAL<\/li>\r\n<\/ul>\r\n&nbsp;\r\n<ul>\r\n \t<li>CURSO \u00abITALIANO AL CENTRO PER CENTO!\u00bb<\/li>\r\n<\/ul>\t\t\t\t\t\t\t\t<\/div>\n\t\t\t\t<\/div>\n\t\t\t\t\t<\/div>\n\t\t<\/div>\n\t\t\t\t<div class=\"elementor-column elementor-col-25 elementor-top-column elementor-element elementor-element-c0ed64d\" data-id=\"c0ed64d\" data-element_type=\"column\" data-e-type=\"column\">\n\t\t\t<div class=\"elementor-widget-wrap\">\n\t\t\t\t\t\t\t<\/div>\n\t\t<\/div>\n\t\t\t\t<div class=\"elementor-column elementor-col-25 elementor-top-column elementor-element elementor-element-a74005b\" data-id=\"a74005b\" data-element_type=\"column\" data-e-type=\"column\">\n\t\t\t<div class=\"elementor-widget-wrap elementor-element-populated\">\n\t\t\t\t\t\t<div class=\"elementor-element elementor-element-e979811 elementor-widget elementor-widget-image\" data-id=\"e979811\" data-element_type=\"widget\" data-e-type=\"widget\" data-widget_type=\"image.default\">\n\t\t\t\t<div class=\"elementor-widget-container\">\n\t\t\t\t\t\t\t\t\t\t\t\t\t\t\t<img fetchpriority=\"high\" decoding=\"async\" width=\"2000\" height=\"1333\" src=\"https:\/\/scuoladelcentro.com\/wp-content\/uploads\/2022\/02\/course-of-design.jpg\" class=\"attachment-full size-full wp-image-1056\" alt=\"\" srcset=\"https:\/\/scuoladelcentro.com\/wp-content\/uploads\/2022\/02\/course-of-design.jpg 2000w, https:\/\/scuoladelcentro.com\/wp-content\/uploads\/2022\/02\/course-of-design-300x200.jpg 300w, https:\/\/scuoladelcentro.com\/wp-content\/uploads\/2022\/02\/course-of-design-1024x682.jpg 1024w, https:\/\/scuoladelcentro.com\/wp-content\/uploads\/2022\/02\/course-of-design-768x512.jpg 768w, https:\/\/scuoladelcentro.com\/wp-content\/uploads\/2022\/02\/course-of-design-1536x1024.jpg 1536w\" sizes=\"(max-width: 2000px) 100vw, 2000px\" \/>\t\t\t\t\t\t\t\t\t\t\t\t\t\t\t<\/div>\n\t\t\t\t<\/div>\n\t\t\t\t\t<\/div>\n\t\t<\/div>\n\t\t\t\t\t<\/div>\n\t\t<\/section>\n\t\t\t\t<section data-particle_enable=\"false\" data-particle-mobile-disabled=\"false\" class=\"elementor-section elementor-top-section elementor-element elementor-element-ae3c40b elementor-section-boxed elementor-section-height-default elementor-section-height-default\" data-id=\"ae3c40b\" data-element_type=\"section\" data-e-type=\"section\">\n\t\t\t\t\t\t<div class=\"elementor-container elementor-column-gap-default\">\n\t\t\t\t\t<div class=\"elementor-column elementor-col-100 elementor-top-column elementor-element elementor-element-85574be\" data-id=\"85574be\" data-element_type=\"column\" data-e-type=\"column\">\n\t\t\t<div class=\"elementor-widget-wrap elementor-element-populated\">\n\t\t\t\t\t\t<div class=\"elementor-element elementor-element-4849134 elementor-invisible elementor-widget elementor-widget-heading\" data-id=\"4849134\" data-element_type=\"widget\" data-e-type=\"widget\" data-settings=\"{&quot;_animation&quot;:&quot;fadeIn&quot;,&quot;_animation_delay&quot;:100}\" data-widget_type=\"heading.default\">\n\t\t\t\t<div class=\"elementor-widget-container\">\n\t\t\t\t\t<h2 class=\"elementor-heading-title elementor-size-default\">Nuestros cursos<\/h2>\t\t\t\t<\/div>\n\t\t\t\t<\/div>\n\t\t\t\t<div class=\"elementor-element elementor-element-5571068 elementor-grid-eael-col-4 elementor-grid-tablet-eael-col-2 elementor-grid-mobile-eael-col-1 elementor-widget elementor-widget-eael-post-grid\" data-id=\"5571068\" data-element_type=\"widget\" data-e-type=\"widget\" data-settings=\"{&quot;eael_post_grid_columns&quot;:&quot;eael-col-4&quot;,&quot;eael_post_grid_columns_tablet&quot;:&quot;eael-col-2&quot;,&quot;eael_post_grid_columns_mobile&quot;:&quot;eael-col-1&quot;}\" data-widget_type=\"eael-post-grid.default\">\n\t\t\t\t<div class=\"elementor-widget-container\">\n\t\t\t\t\t<div id=\"eael-post-grid-5571068\" class=\"eael-post-grid-container\">\n            <div class=\"eael-post-grid eael-post-appender eael-post-appender-5571068 eael-post-grid-style-one\" data-layout-mode=\"grid\"><article class=\"eael-grid-post  eael-post-grid-column eael-pg-post-1084 category-cursos\" data-id=\"1084\">\n        <div class=\"eael-grid-post-holder\">\n            <div class=\"eael-grid-post-holder-inner\"><div class=\"eael-entry-media\"><div class=\"eael-entry-overlay fade-in\"><i class=\"fas fa-long-arrow-alt-right\" aria-hidden=\"true\"><\/i><a href=\"https:\/\/scuoladelcentro.com\/es\/curso-estandar\/\"><\/a><\/div><div class=\"eael-entry-thumbnail \">\n                <img decoding=\"async\" width=\"2000\" height=\"1333\" src=\"https:\/\/scuoladelcentro.com\/wp-content\/uploads\/2022\/03\/course-of-study.jpg\" class=\"attachment-full size-full wp-image-1062\" alt=\"\" srcset=\"https:\/\/scuoladelcentro.com\/wp-content\/uploads\/2022\/03\/course-of-study.jpg 2000w, https:\/\/scuoladelcentro.com\/wp-content\/uploads\/2022\/03\/course-of-study-300x200.jpg 300w, https:\/\/scuoladelcentro.com\/wp-content\/uploads\/2022\/03\/course-of-study-1024x682.jpg 1024w, https:\/\/scuoladelcentro.com\/wp-content\/uploads\/2022\/03\/course-of-study-768x512.jpg 768w, https:\/\/scuoladelcentro.com\/wp-content\/uploads\/2022\/03\/course-of-study-1536x1024.jpg 1536w\" sizes=\"(max-width: 2000px) 100vw, 2000px\" \/>\n            <\/div>\n        <\/div><div class=\"eael-entry-wrapper\"><header class=\"eael-entry-header\"><h2 class=\"eael-entry-title\"><a class=\"eael-grid-post-link\" href=\"https:\/\/scuoladelcentro.com\/es\/curso-estandar\/\" title=\"Curso est\u00e1ndar\">Curso est\u00e1ndar<\/a><\/h2><\/header><div class=\"eael-entry-content\">\n                        <div class=\"eael-grid-post-excerpt\"><p>Clases: Clases en grupos reducidos con un m\u00e1ximo de 8...<\/p><a href=\"https:\/\/scuoladelcentro.com\/es\/curso-estandar\/\" class=\"eael-post-elements-readmore-btn\">Conoce m\u00e1s<\/a><\/div>\n                    <\/div><div class=\"eael-entry-footer\"><div class=\"eael-entry-meta\"><\/div><\/div><\/div><\/div>\n        <\/div>\n    <\/article><article class=\"eael-grid-post  eael-post-grid-column eael-pg-post-1086 category-cursos\" data-id=\"1086\">\n        <div class=\"eael-grid-post-holder\">\n            <div class=\"eael-grid-post-holder-inner\"><div class=\"eael-entry-media\"><div class=\"eael-entry-overlay fade-in\"><i class=\"fas fa-long-arrow-alt-right\" aria-hidden=\"true\"><\/i><a href=\"https:\/\/scuoladelcentro.com\/es\/curso-de-lengua-italiana-individual-o-semiindividual\/\"><\/a><\/div><div class=\"eael-entry-thumbnail \">\n                <img decoding=\"async\" width=\"2000\" height=\"1333\" src=\"https:\/\/scuoladelcentro.com\/wp-content\/uploads\/2022\/04\/lecture-in-college.jpg\" class=\"attachment-full size-full wp-image-1067\" alt=\"\" srcset=\"https:\/\/scuoladelcentro.com\/wp-content\/uploads\/2022\/04\/lecture-in-college.jpg 2000w, https:\/\/scuoladelcentro.com\/wp-content\/uploads\/2022\/04\/lecture-in-college-300x200.jpg 300w, https:\/\/scuoladelcentro.com\/wp-content\/uploads\/2022\/04\/lecture-in-college-1024x682.jpg 1024w, https:\/\/scuoladelcentro.com\/wp-content\/uploads\/2022\/04\/lecture-in-college-768x512.jpg 768w, https:\/\/scuoladelcentro.com\/wp-content\/uploads\/2022\/04\/lecture-in-college-1536x1024.jpg 1536w\" sizes=\"(max-width: 2000px) 100vw, 2000px\" \/>\n            <\/div>\n        <\/div><div class=\"eael-entry-wrapper\"><header class=\"eael-entry-header\"><h2 class=\"eael-entry-title\"><a class=\"eael-grid-post-link\" href=\"https:\/\/scuoladelcentro.com\/es\/curso-de-lengua-italiana-individual-o-semiindividual\/\" title=\"Curso de lengua italiana individual o semiindividual.\">Curso de lengua italiana individual o semiindividual.<\/a><\/h2><\/header><div class=\"eael-entry-content\">\n                        <div class=\"eael-grid-post-excerpt\"><p>Clases: Individuales o de a dos. Carga horaria del curso...<\/p><a href=\"https:\/\/scuoladelcentro.com\/es\/curso-de-lengua-italiana-individual-o-semiindividual\/\" class=\"eael-post-elements-readmore-btn\">Conoce m\u00e1s<\/a><\/div>\n                    <\/div><div class=\"eael-entry-footer\"><div class=\"eael-entry-meta\"><\/div><\/div><\/div><\/div>\n        <\/div>\n    <\/article><article class=\"eael-grid-post  eael-post-grid-column eael-pg-post-1087 category-cursos\" data-id=\"1087\">\n        <div class=\"eael-grid-post-holder\">\n            <div class=\"eael-grid-post-holder-inner\"><div class=\"eael-entry-media\"><div class=\"eael-entry-overlay fade-in\"><i class=\"fas fa-long-arrow-alt-right\" aria-hidden=\"true\"><\/i><a href=\"https:\/\/scuoladelcentro.com\/es\/curso-de-preparacion-para-los-examenes-celi-certificado-de-lengua-italiana-b1-ciudadania-y-todos-los-niveles-simulacion-de-examenes-escritos-y-orales\/\"><\/a><\/div><div class=\"eael-entry-thumbnail \">\n                <img loading=\"lazy\" decoding=\"async\" width=\"2000\" height=\"667\" src=\"https:\/\/scuoladelcentro.com\/wp-content\/uploads\/2022\/03\/laughing-participants-of-language-course.jpg\" class=\"attachment-full size-full wp-image-1064\" alt=\"\" srcset=\"https:\/\/scuoladelcentro.com\/wp-content\/uploads\/2022\/03\/laughing-participants-of-language-course.jpg 2000w, https:\/\/scuoladelcentro.com\/wp-content\/uploads\/2022\/03\/laughing-participants-of-language-course-300x100.jpg 300w, https:\/\/scuoladelcentro.com\/wp-content\/uploads\/2022\/03\/laughing-participants-of-language-course-1024x342.jpg 1024w, https:\/\/scuoladelcentro.com\/wp-content\/uploads\/2022\/03\/laughing-participants-of-language-course-768x256.jpg 768w, https:\/\/scuoladelcentro.com\/wp-content\/uploads\/2022\/03\/laughing-participants-of-language-course-1536x512.jpg 1536w\" sizes=\"(max-width: 2000px) 100vw, 2000px\" \/>\n            <\/div>\n        <\/div><div class=\"eael-entry-wrapper\"><header class=\"eael-entry-header\"><h2 class=\"eael-entry-title\"><a class=\"eael-grid-post-link\" href=\"https:\/\/scuoladelcentro.com\/es\/curso-de-preparacion-para-los-examenes-celi-certificado-de-lengua-italiana-b1-ciudadania-y-todos-los-niveles-simulacion-de-examenes-escritos-y-orales\/\" title=\"Curso de preparaci\u00f3n para los ex\u00e1menes CELI &#8211; Certificado de Lengua Italiana (B1 CIUDADAN\u00cdA Y TODOS LOS NIVELES), simulaci\u00f3n de ex\u00e1menes escritos y orales.\">Curso de preparaci\u00f3n para los ex\u00e1menes CELI &#8211; Certificado de Lengua Italiana (B1 CIUDADAN\u00cdA Y TODOS LOS NIVELES), simulaci\u00f3n de ex\u00e1menes escritos y orales.<\/a><\/h2><\/header><div class=\"eael-entry-content\">\n                        <div class=\"eael-grid-post-excerpt\"><p>Clases: En grupos reducidos con un m\u00e1ximo de 6 alumnos....<\/p><a href=\"https:\/\/scuoladelcentro.com\/es\/curso-de-preparacion-para-los-examenes-celi-certificado-de-lengua-italiana-b1-ciudadania-y-todos-los-niveles-simulacion-de-examenes-escritos-y-orales\/\" class=\"eael-post-elements-readmore-btn\">Conoce m\u00e1s<\/a><\/div>\n                    <\/div><div class=\"eael-entry-footer\"><div class=\"eael-entry-meta\"><\/div><\/div><\/div><\/div>\n        <\/div>\n    <\/article><article class=\"eael-grid-post  eael-post-grid-column eael-pg-post-1088 category-cursos\" data-id=\"1088\">\n        <div class=\"eael-grid-post-holder\">\n            <div class=\"eael-grid-post-holder-inner\"><div class=\"eael-entry-media\"><div class=\"eael-entry-overlay fade-in\"><i class=\"fas fa-long-arrow-alt-right\" aria-hidden=\"true\"><\/i><a href=\"https:\/\/scuoladelcentro.com\/es\/vacaciones-de-estudio-italiano-al-centro-per-cento\/\"><\/a><\/div><div class=\"eael-entry-thumbnail \">\n                <img loading=\"lazy\" decoding=\"async\" width=\"2000\" height=\"1335\" src=\"https:\/\/scuoladelcentro.com\/wp-content\/uploads\/2022\/03\/couple-of-tourists-study-the-map-of-attractions.jpg\" class=\"attachment-full size-full wp-image-1065\" alt=\"\" srcset=\"https:\/\/scuoladelcentro.com\/wp-content\/uploads\/2022\/03\/couple-of-tourists-study-the-map-of-attractions.jpg 2000w, https:\/\/scuoladelcentro.com\/wp-content\/uploads\/2022\/03\/couple-of-tourists-study-the-map-of-attractions-300x200.jpg 300w, https:\/\/scuoladelcentro.com\/wp-content\/uploads\/2022\/03\/couple-of-tourists-study-the-map-of-attractions-1024x684.jpg 1024w, https:\/\/scuoladelcentro.com\/wp-content\/uploads\/2022\/03\/couple-of-tourists-study-the-map-of-attractions-768x513.jpg 768w, https:\/\/scuoladelcentro.com\/wp-content\/uploads\/2022\/03\/couple-of-tourists-study-the-map-of-attractions-1536x1025.jpg 1536w\" sizes=\"(max-width: 2000px) 100vw, 2000px\" \/>\n            <\/div>\n        <\/div><div class=\"eael-entry-wrapper\"><header class=\"eael-entry-header\"><h2 class=\"eael-entry-title\"><a class=\"eael-grid-post-link\" href=\"https:\/\/scuoladelcentro.com\/es\/vacaciones-de-estudio-italiano-al-centro-per-cento\/\" title=\"Vacaciones de estudio \u00abITALIANO AL CENTRO PER CENTO!\u00bb\">Vacaciones de estudio \u00abITALIANO AL CENTRO PER CENTO!\u00bb<\/a><\/h2><\/header><div class=\"eael-entry-content\">\n                        <div class=\"eael-grid-post-excerpt\"><p>Unas vacaciones de estudio en Italia son ideales para quienes...<\/p><a href=\"https:\/\/scuoladelcentro.com\/es\/vacaciones-de-estudio-italiano-al-centro-per-cento\/\" class=\"eael-post-elements-readmore-btn\">Conoce m\u00e1s<\/a><\/div>\n                    <\/div><div class=\"eael-entry-footer\"><div class=\"eael-entry-meta\"><\/div><\/div><\/div><\/div>\n        <\/div>\n    <\/article><\/div>\n            <div class=\"clearfix\"><\/div>\n        <\/div>\t\t\t\t<\/div>\n\t\t\t\t<\/div>\n\t\t\t\t\t<\/div>\n\t\t<\/div>\n\t\t\t\t\t<\/div>\n\t\t<\/section>\n\t\t\t\t<\/div>\n\t\t","protected":false},"excerpt":{"rendered":"<p>Cursos Los cursos incluyen una evaluaci\u00f3n inicial y final para los estudiantes. La entrevista inicial permite dividir a los alumnos en las distintas clases de acuerdo con sus habilidades y conocimientos iniciales de italiano. La escuela tambi\u00e9n ofrece un servicio de asesoramiento ling\u00fc\u00edstico para quienes lo soliciten. Tambi\u00e9n es posible organizar clases personalizadas de conversaci\u00f3n [&hellip;]<\/p>\n","protected":false},"author":1,"featured_media":0,"parent":0,"menu_order":0,"comment_status":"closed","ping_status":"closed","template":"","meta":{"_acf_changed":false,"_seopress_robots_primary_cat":"","_seopress_titles_title":"","_seopress_titles_desc":"","_seopress_robots_index":"","footnotes":""},"class_list":["post-1075","page","type-page","status-publish","hentry"],"acf":[],"_links":{"self":[{"href":"https:\/\/scuoladelcentro.com\/es\/wp-json\/wp\/v2\/pages\/1075","targetHints":{"allow":["GET"]}}],"collection":[{"href":"https:\/\/scuoladelcentro.com\/es\/wp-json\/wp\/v2\/pages"}],"about":[{"href":"https:\/\/scuoladelcentro.com\/es\/wp-json\/wp\/v2\/types\/page"}],"author":[{"embeddable":true,"href":"https:\/\/scuoladelcentro.com\/es\/wp-json\/wp\/v2\/users\/1"}],"replies":[{"embeddable":true,"href":"https:\/\/scuoladelcentro.com\/es\/wp-json\/wp\/v2\/comments?post=1075"}],"version-history":[{"count":0,"href":"https:\/\/scuoladelcentro.com\/es\/wp-json\/wp\/v2\/pages\/1075\/revisions"}],"wp:attachment":[{"href":"https:\/\/scuoladelcentro.com\/es\/wp-json\/wp\/v2\/media?parent=1075"}],"curies":[{"name":"wp","href":"https:\/\/api.w.org\/{rel}","templated":true}]}}